{"id":9,"date":"2008-10-03T17:50:21","date_gmt":"2008-10-03T23:50:21","guid":{"rendered":"http:\/\/sitrad.org.mx\/?page_id=9"},"modified":"2025-11-21T21:33:30","modified_gmt":"2025-11-22T04:33:30","slug":"directorio-general-del-sitrayd","status":"publish","type":"page","link":"http:\/\/sitrad.org.mx\/index.php\/directorio-general-del-sitrayd\/","title":{"rendered":"Directorio"},"content":{"rendered":"<div class=\"commentlist\" style=\"text-align: center;\">\n<div class=\"alt\">\n<p><strong style=\"font-variant: small-caps;\">Secretar\u00eda General<\/strong><\/p>\n<p>Jos\u00e9 Luis Flores Rosas<\/p>\n<p>secgeneral@sitrad.org.mx<\/p>\n<\/div>\n<div style=\"color: #666;\">\n<hr \/>\n<p><strong>Secretar\u00eda De Organizaci\u00f3n<\/strong><\/p>\n<p>Nora Araceli Cota Gonz\u00e1lez<\/p>\n<p>secretaria_org@sitrad.org.mx<\/p>\n<\/div>\n<div class=\"alt\">\n<hr \/>\n<p><strong>Secretar\u00eda de Trabajo y Conflictos<\/strong><\/p>\n<p>Mayra Ver\u00f3nica Robles \u00c1valos<\/p>\n<p>conflictos@sitrad.org.mx<\/p>\n<\/div>\n<div style=\"color: #666;\">\n<hr \/>\n<p><strong>Secretar\u00eda de Asuntos Acad\u00e9micos<\/strong><\/p>\n<p>Mar\u00eda Alejandra Villase\u00f1or Gonz\u00e1lez<\/p>\n<p>academicos@sitrad.org.mx<\/p>\n<\/div>\n<div class=\"alt\">\n<hr \/>\n<p><strong>Secretar\u00eda de Finanzas<\/strong><\/p>\n<p>Liliana Gastelum Zazueta<\/p>\n<p>finanzas@sitrad.org.mx<\/p>\n<\/div>\n<div style=\"color: #666;\">\n<hr \/>\n<p><strong>Secretar\u00eda de Previsi\u00f3n y Seguridad Social<\/strong><\/p>\n<p>Alejandro Campos Mart\u00ednez<\/p>\n<p>prevision_social@sitrad.org.mx<\/p>\n<\/div>\n<div class=\"alt\">\n<hr \/>\n<p><strong>Secretar\u00eda de Acci\u00f3n Pol\u00edtica<\/strong><\/p>\n<p>Norma Esmeralda Alfaro Sotomayor<\/p>\n<p>politica@sitrad.org.mx<\/p>\n<\/div>\n<div style=\"color: #666;\">\n<hr \/>\n<p><strong>Secretar\u00eda de Actas y Acuerdos<\/strong><\/p>\n<p>Alfonso Javier P\u00e9rez Joya<\/p>\n<p>actas@sitrad.org.mx<\/p>\n<\/div>\n<div class=\"alt\">\n<hr \/>\n<p><strong>Secretar\u00eda de Acci\u00f3n Femenil<\/strong><\/p>\n<p>Marisa Ibarra Trejo<\/p>\n<p>accionfemenil@sitrad.org.mx<\/p>\n<\/div>\n<div style=\"color: #666;\">\n<hr \/>\n<p><strong>Secretar\u00eda de Difusi\u00f3n y Acci\u00f3n Social<\/strong><\/p>\n<p>Lucio Antonio Rivas Navarro<\/p>\n<p>difusion@sitrad.org.mx<\/p>\n<\/div>\n<div class=\"alt\">\n<hr \/>\n<p><strong>Secretar\u00eda de Deportes<\/strong><\/p>\n<p><em>Juan Antonio Rodr\u00edguez Ram\u00edrez<\/em><\/p>\n<p>deportes@sitrad.org.mx<em><br \/>\n<\/em><\/p>\n<hr \/>\n<p><strong>Suplentes Supernumerarios<\/strong><\/p>\n<p>Andr\u00e9s Mart\u00ednez Estrada<\/p>\n<p>Brenda Margarita Rubio Gonz\u00e1lez<\/p>\n<\/div>\n<\/div>\n","protected":false},"excerpt":{"rendered":"<p>Secretar\u00eda General Jos\u00e9 Luis Flores Rosas secgeneral@sitrad.org.mx Secretar\u00eda De Organizaci\u00f3n Nora Araceli Cota Gonz\u00e1lez secretaria_org@sitrad.org.mx Secretar\u00eda de Trabajo y Conflictos Mayra Ver\u00f3nica Robles \u00c1valos conflictos@sitrad.org.mx Secretar\u00eda de Asuntos Acad\u00e9micos Mar\u00eda Alejandra Villase\u00f1or Gonz\u00e1lez academicos@sitrad.org.mx Secretar\u00eda de Finanzas Liliana Gastelum Zazueta &hellip; <a href=\"http:\/\/sitrad.org.mx\/index.php\/directorio-general-del-sitrayd\/\">Sigue leyendo <span class=\"meta-nav\">&rarr;<\/span><\/a><\/p>\n","protected":false},"author":2,"featured_media":0,"parent":0,"menu_order":0,"comment_status":"open","ping_status":"open","template":"","meta":{"footnotes":""},"class_list":["post-9","page","type-page","status-publish","hentry"],"_links":{"self":[{"href":"http:\/\/sitrad.org.mx\/index.php\/wp-json\/wp\/v2\/pages\/9","targetHints":{"allow":["GET"]}}],"collection":[{"href":"http:\/\/sitrad.org.mx\/index.php\/wp-json\/wp\/v2\/pages"}],"about":[{"href":"http:\/\/sitrad.org.mx\/index.php\/wp-json\/wp\/v2\/types\/page"}],"author":[{"embeddable":true,"href":"http:\/\/sitrad.org.mx\/index.php\/wp-json\/wp\/v2\/users\/2"}],"replies":[{"embeddable":true,"href":"http:\/\/sitrad.org.mx\/index.php\/wp-json\/wp\/v2\/comments?post=9"}],"version-history":[{"count":32,"href":"http:\/\/sitrad.org.mx\/index.php\/wp-json\/wp\/v2\/pages\/9\/revisions"}],"predecessor-version":[{"id":4539,"href":"http:\/\/sitrad.org.mx\/index.php\/wp-json\/wp\/v2\/pages\/9\/revisions\/4539"}],"wp:attachment":[{"href":"http:\/\/sitrad.org.mx\/index.php\/wp-json\/wp\/v2\/media?parent=9"}],"curies":[{"name":"wp","href":"https:\/\/api.w.org\/{rel}","templated":true}]}}